{"id":11,"date":"2024-03-16T00:28:49","date_gmt":"2024-03-16T00:28:49","guid":{"rendered":"https:\/\/museopresidentes.org.mx\/noticias\/?page_id=11"},"modified":"2024-03-18T02:00:45","modified_gmt":"2024-03-18T02:00:45","slug":"bicentenario-de-coahuila","status":"publish","type":"page","link":"https:\/\/museopresidentes.org.mx\/noticias\/","title":{"rendered":"Bicentenario de Coahuila"},"content":{"rendered":"\n<div class=\"wp-block-query is-layout-flow wp-block-query-is-layout-flow\"><ul class=\"wp-block-post-template is-layout-flow wp-block-post-template-is-layout-flow\"><li class=\"wp-block-post post-83 post type-post status-publish format-standard has-post-thumbnail hentry category-bicentenario\">\n<h2 class=\"wp-block-post-title\"><a href=\"https:\/\/museopresidentes.org.mx\/noticias\/bicentenario\/periodico-oficial\/\" target=\"_self\" >Periodico Oficial<\/a><\/h2>\n\n<figure class=\"alignwide wp-block-post-featured-image\"><a href=\"https:\/\/museopresidentes.org.mx\/noticias\/bicentenario\/periodico-oficial\/\" target=\"_self\"  ><img loading=\"lazy\" decoding=\"async\" width=\"1522\" height=\"2560\" src=\"https:\/\/museopresidentes.org.mx\/noticias\/wp-content\/uploads\/2024\/03\/PERIODICO-OFICIAL-scaled.jpg\" class=\"attachment-post-thumbnail size-post-thumbnail wp-post-image\" alt=\"Periodico Oficial\" style=\"object-fit:cover;\" srcset=\"https:\/\/museopresidentes.org.mx\/noticias\/wp-content\/uploads\/2024\/03\/PERIODICO-OFICIAL-scaled.jpg 1522w, https:\/\/museopresidentes.org.mx\/noticias\/wp-content\/uploads\/2024\/03\/PERIODICO-OFICIAL-178x300.jpg 178w, https:\/\/museopresidentes.org.mx\/noticias\/wp-content\/uploads\/2024\/03\/PERIODICO-OFICIAL-609x1024.jpg 609w, https:\/\/museopresidentes.org.mx\/noticias\/wp-content\/uploads\/2024\/03\/PERIODICO-OFICIAL-768x1292.jpg 768w, https:\/\/museopresidentes.org.mx\/noticias\/wp-content\/uploads\/2024\/03\/PERIODICO-OFICIAL-913x1536.jpg 913w, https:\/\/museopresidentes.org.mx\/noticias\/wp-content\/uploads\/2024\/03\/PERIODICO-OFICIAL-1217x2048.jpg 1217w\" sizes=\"auto, (max-width: 1522px) 100vw, 1522px\" \/><\/a><\/figure>\n\n<div class=\"wp-block-post-excerpt\"><p class=\"wp-block-post-excerpt__excerpt\"><\/p><p class=\"wp-block-post-excerpt__more-text\"><a class=\"wp-block-post-excerpt__more-link\" href=\"https:\/\/museopresidentes.org.mx\/noticias\/bicentenario\/periodico-oficial\/\">Leer M\u00e1s &#8230;<\/a><\/p><\/div>\n\n\n<hr class=\"wp-block-separator has-css-opacity\"\/>\n\n\n<div class=\"wp-block-post-date\"><time datetime=\"2024-03-30T21:32:00+00:00\">marzo 30, 2024<\/time><\/div>\n<\/li><li class=\"wp-block-post post-38 post type-post status-publish format-standard has-post-thumbnail hentry category-bicentenario\">\n<h2 class=\"wp-block-post-title\"><a href=\"https:\/\/museopresidentes.org.mx\/noticias\/bicentenario\/declaran-2024-ano-del-bicentenario-de-coahuila\/\" target=\"_self\" >Declaran 2024, A\u00f1o del Bicentenario de Coahuila<\/a><\/h2>\n\n<figure class=\"alignwide wp-block-post-featured-image\"><a href=\"https:\/\/museopresidentes.org.mx\/noticias\/bicentenario\/declaran-2024-ano-del-bicentenario-de-coahuila\/\" target=\"_self\"  ><img loading=\"lazy\" decoding=\"async\" width=\"1280\" height=\"832\" src=\"https:\/\/museopresidentes.org.mx\/noticias\/wp-content\/uploads\/2024\/03\/WhatsApp-Image-2024-03-16-at-21.42.36.jpeg\" class=\"attachment-post-thumbnail size-post-thumbnail wp-post-image\" alt=\"Declaran 2024, A\u00f1o del Bicentenario de Coahuila\" style=\"object-fit:cover;\" srcset=\"https:\/\/museopresidentes.org.mx\/noticias\/wp-content\/uploads\/2024\/03\/WhatsApp-Image-2024-03-16-at-21.42.36.jpeg 1280w, https:\/\/museopresidentes.org.mx\/noticias\/wp-content\/uploads\/2024\/03\/WhatsApp-Image-2024-03-16-at-21.42.36-300x195.jpeg 300w, https:\/\/museopresidentes.org.mx\/noticias\/wp-content\/uploads\/2024\/03\/WhatsApp-Image-2024-03-16-at-21.42.36-1024x666.jpeg 1024w, https:\/\/museopresidentes.org.mx\/noticias\/wp-content\/uploads\/2024\/03\/WhatsApp-Image-2024-03-16-at-21.42.36-768x499.jpeg 768w\" sizes=\"auto, (max-width: 1280px) 100vw, 1280px\" \/><\/a><\/figure>\n\n<div class=\"wp-block-post-excerpt\"><p class=\"wp-block-post-excerpt__excerpt\">El pleno del&nbsp;Congreso del Estado&nbsp;aprob\u00f3 el decreto para declarar el 2024 como el&nbsp;\u201cA\u00f1o del Bicentenario de Coahuila; 200 A\u00f1os de Grandeza\u201d, a propuesta del&nbsp;Patronato del Museo de los Presidentes Coahuilenses. Durante la sesi\u00f3n solemne del&nbsp;Poder Legislativo&nbsp;tambi\u00e9n se aprob\u00f3 el decreto para inscribir en letras doradas el nombre de la&nbsp;Universidad Aut\u00f3noma Agraria&nbsp;Antonio Narro, en el Muro<\/p><p class=\"wp-block-post-excerpt__more-text\"><a class=\"wp-block-post-excerpt__more-link\" href=\"https:\/\/museopresidentes.org.mx\/noticias\/bicentenario\/declaran-2024-ano-del-bicentenario-de-coahuila\/\">Leer M\u00e1s &#8230;<\/a><\/p><\/div>\n\n\n<hr class=\"wp-block-separator has-css-opacity\"\/>\n\n\n<div class=\"wp-block-post-date\"><time datetime=\"2024-02-19T00:52:05+00:00\">febrero 19, 2024<\/time><\/div>\n<\/li><li class=\"wp-block-post post-30 post type-post status-publish format-standard has-post-thumbnail hentry category-bicentenario\">\n<h2 class=\"wp-block-post-title\"><a href=\"https:\/\/museopresidentes.org.mx\/noticias\/bicentenario\/proponen-ante-el-congreso-del-estado-que-este-ano-sea-declarado-2024-bicentenario-de-coahuila-200-anos-de-grandeza\/\" target=\"_self\" >2024 Bicentenario de Coahuila; 200 a\u00f1os de grandeza<\/a><\/h2>\n\n<figure class=\"alignwide wp-block-post-featured-image\"><a href=\"https:\/\/museopresidentes.org.mx\/noticias\/bicentenario\/proponen-ante-el-congreso-del-estado-que-este-ano-sea-declarado-2024-bicentenario-de-coahuila-200-anos-de-grandeza\/\" target=\"_self\"  ><img loading=\"lazy\" decoding=\"async\" width=\"2048\" height=\"1366\" src=\"https:\/\/museopresidentes.org.mx\/noticias\/wp-content\/uploads\/2024\/03\/426556970_900753138721972_3960947771705053193_n.jpg\" class=\"attachment-post-thumbnail size-post-thumbnail wp-post-image\" alt=\"2024 Bicentenario de Coahuila; 200 a\u00f1os de grandeza\" style=\"object-fit:cover;\" srcset=\"https:\/\/museopresidentes.org.mx\/noticias\/wp-content\/uploads\/2024\/03\/426556970_900753138721972_3960947771705053193_n.jpg 2048w, https:\/\/museopresidentes.org.mx\/noticias\/wp-content\/uploads\/2024\/03\/426556970_900753138721972_3960947771705053193_n-300x200.jpg 300w, https:\/\/museopresidentes.org.mx\/noticias\/wp-content\/uploads\/2024\/03\/426556970_900753138721972_3960947771705053193_n-1024x683.jpg 1024w, https:\/\/museopresidentes.org.mx\/noticias\/wp-content\/uploads\/2024\/03\/426556970_900753138721972_3960947771705053193_n-768x512.jpg 768w, https:\/\/museopresidentes.org.mx\/noticias\/wp-content\/uploads\/2024\/03\/426556970_900753138721972_3960947771705053193_n-1536x1025.jpg 1536w\" sizes=\"auto, (max-width: 2048px) 100vw, 2048px\" \/><\/a><\/figure>\n\n<div class=\"wp-block-post-excerpt\"><p class=\"wp-block-post-excerpt__excerpt\">Proponen ante el Congreso del Estado que este a\u00f1o sea declarado \u201c2024 Bicentenario de Coahuila; 200 a\u00f1os de grandeza\u201d **En virtud de que hace 200 a\u00f1os se instituy\u00f3 como parte integrante de la federaci\u00f3n mexicana nuestro actual Estado Libre, Independiente y Soberano de Coahuila de Zaragoza Los integrantes del Patronato del Museo de los Presidentes<\/p><p class=\"wp-block-post-excerpt__more-text\"><a class=\"wp-block-post-excerpt__more-link\" href=\"https:\/\/museopresidentes.org.mx\/noticias\/bicentenario\/proponen-ante-el-congreso-del-estado-que-este-ano-sea-declarado-2024-bicentenario-de-coahuila-200-anos-de-grandeza\/\">Leer M\u00e1s &#8230;<\/a><\/p><\/div>\n\n\n<hr class=\"wp-block-separator has-css-opacity\"\/>\n\n\n<div class=\"wp-block-post-date\"><time datetime=\"2024-02-15T00:47:14+00:00\">febrero 15, 2024<\/time><\/div>\n<\/li><\/ul><\/div>\n","protected":false},"excerpt":{"rendered":"","protected":false},"author":1,"featured_media":0,"parent":0,"menu_order":0,"comment_status":"closed","ping_status":"closed","template":"","meta":{"footnotes":""},"class_list":["post-11","page","type-page","status-publish","hentry"],"_links":{"self":[{"href":"https:\/\/museopresidentes.org.mx\/noticias\/wp-json\/wp\/v2\/pages\/11","targetHints":{"allow":["GET"]}}],"collection":[{"href":"https:\/\/museopresidentes.org.mx\/noticias\/wp-json\/wp\/v2\/pages"}],"about":[{"href":"https:\/\/museopresidentes.org.mx\/noticias\/wp-json\/wp\/v2\/types\/page"}],"author":[{"embeddable":true,"href":"https:\/\/museopresidentes.org.mx\/noticias\/wp-json\/wp\/v2\/users\/1"}],"replies":[{"embeddable":true,"href":"https:\/\/museopresidentes.org.mx\/noticias\/wp-json\/wp\/v2\/comments?post=11"}],"version-history":[{"count":7,"href":"https:\/\/museopresidentes.org.mx\/noticias\/wp-json\/wp\/v2\/pages\/11\/revisions"}],"predecessor-version":[{"id":81,"href":"https:\/\/museopresidentes.org.mx\/noticias\/wp-json\/wp\/v2\/pages\/11\/revisions\/81"}],"wp:attachment":[{"href":"https:\/\/museopresidentes.org.mx\/noticias\/wp-json\/wp\/v2\/media?parent=11"}],"curies":[{"name":"wp","href":"https:\/\/api.w.org\/{rel}","templated":true}]}}